{"id":9585,"date":"2026-04-14T12:18:46","date_gmt":"2026-04-14T11:18:46","guid":{"rendered":"https:\/\/memorydesign.hu\/kontakt\/"},"modified":"2026-04-14T12:18:47","modified_gmt":"2026-04-14T11:18:47","slug":"kontakt","status":"publish","type":"page","link":"https:\/\/memorydesign.hu\/de\/kontakt\/","title":{"rendered":"Kontakt"},"content":{"rendered":"\t\t<div data-elementor-type=\"wp-page\" data-elementor-id=\"9585\" class=\"elementor elementor-9585 elementor-1793\">\n\t\t\t\t\t\t<section class=\"elementor-section elementor-top-section elementor-element elementor-element-df2dfe7 elementor-section-boxed elementor-section-height-default elementor-section-height-default\" data-id=\"df2dfe7\" data-element_type=\"section\" data-e-type=\"section\">\n\t\t\t\t\t\t<div class=\"elementor-container elementor-column-gap-default\">\n\t\t\t\t\t<div class=\"elementor-column elementor-col-50 elementor-top-column elementor-element elementor-element-b6c4b58\" data-id=\"b6c4b58\" data-element_type=\"column\" data-e-type=\"column\">\n\t\t\t<div class=\"elementor-widget-wrap elementor-element-populated\">\n\t\t\t\t\t\t<div class=\"elementor-element elementor-element-181e518 elementor-widget elementor-widget-heading\" data-id=\"181e518\" data-element_type=\"widget\" data-e-type=\"widget\" data-widget_type=\"heading.default\">\n\t\t\t\t<div class=\"elementor-widget-container\">\n\t\t\t\t\t<h3 class=\"elementor-heading-title elementor-size-default\">Kontakt<\/h3>\t\t\t\t<\/div>\n\t\t\t\t<\/div>\n\t\t\t\t<div class=\"elementor-element elementor-element-a3a67fd elementor-position-inline-start elementor-view-default elementor-mobile-position-block-start elementor-widget elementor-widget-icon-box\" data-id=\"a3a67fd\" data-element_type=\"widget\" data-e-type=\"widget\" data-widget_type=\"icon-box.default\">\n\t\t\t\t<div class=\"elementor-widget-container\">\n\t\t\t\t\t\t\t<div class=\"elementor-icon-box-wrapper\">\n\n\t\t\t\t\t\t<div class=\"elementor-icon-box-icon\">\n\t\t\t\t<span  class=\"elementor-icon\">\n\t\t\t\t<i aria-hidden=\"true\" class=\"fas fa-map-marker-alt\"><\/i>\t\t\t\t<\/span>\n\t\t\t<\/div>\n\t\t\t\n\t\t\t\t\t\t<div class=\"elementor-icon-box-content\">\n\n\t\t\t\t\n\t\t\t\t\t\t\t\t\t<p class=\"elementor-icon-box-description\">\n\t\t\t\t\t\t7461 Stadtschlaining, Kirchenplatz 3\t\t\t\t\t<\/p>\n\t\t\t\t\n\t\t\t<\/div>\n\t\t\t\n\t\t<\/div>\n\t\t\t\t\t\t<\/div>\n\t\t\t\t<\/div>\n\t\t\t\t<div class=\"elementor-element elementor-element-af1e01c elementor-position-inline-start elementor-view-default elementor-mobile-position-block-start elementor-widget elementor-widget-icon-box\" data-id=\"af1e01c\" data-element_type=\"widget\" data-e-type=\"widget\" data-widget_type=\"icon-box.default\">\n\t\t\t\t<div class=\"elementor-widget-container\">\n\t\t\t\t\t\t\t<div class=\"elementor-icon-box-wrapper\">\n\n\t\t\t\t\t\t<div class=\"elementor-icon-box-icon\">\n\t\t\t\t<span  class=\"elementor-icon\">\n\t\t\t\t<i aria-hidden=\"true\" class=\"fas fa-envelope\"><\/i>\t\t\t\t<\/span>\n\t\t\t<\/div>\n\t\t\t\n\t\t\t\t\t\t<div class=\"elementor-icon-box-content\">\n\n\t\t\t\t\n\t\t\t\t\t\t\t\t\t<p class=\"elementor-icon-box-description\">\n\t\t\t\t\t\tmemorydesign.austria@gmail.com\t\t\t\t\t<\/p>\n\t\t\t\t\n\t\t\t<\/div>\n\t\t\t\n\t\t<\/div>\n\t\t\t\t\t\t<\/div>\n\t\t\t\t<\/div>\n\t\t\t\t<div class=\"elementor-element elementor-element-f133aa9 elementor-position-inline-start elementor-view-default elementor-mobile-position-block-start elementor-widget elementor-widget-icon-box\" data-id=\"f133aa9\" data-element_type=\"widget\" data-e-type=\"widget\" data-widget_type=\"icon-box.default\">\n\t\t\t\t<div class=\"elementor-widget-container\">\n\t\t\t\t\t\t\t<div class=\"elementor-icon-box-wrapper\">\n\n\t\t\t\t\t\t<div class=\"elementor-icon-box-icon\">\n\t\t\t\t<span  class=\"elementor-icon\">\n\t\t\t\t<i aria-hidden=\"true\" class=\"fas fa-phone-alt\"><\/i>\t\t\t\t<\/span>\n\t\t\t<\/div>\n\t\t\t\n\t\t\t\t\t\t<div class=\"elementor-icon-box-content\">\n\n\t\t\t\t\n\t\t\t\t\t\t\t\t\t<p class=\"elementor-icon-box-description\">\n\t\t\t\t\t\t+36 70 741 7053 (Mo - Fr 9:00-15:00 Uhr) \t\t\t\t\t<\/p>\n\t\t\t\t\n\t\t\t<\/div>\n\t\t\t\n\t\t<\/div>\n\t\t\t\t\t\t<\/div>\n\t\t\t\t<\/div>\n\t\t\t\t<div class=\"elementor-element elementor-element-1b52eb5 elementor-position-inline-start elementor-view-default elementor-mobile-position-block-start elementor-widget elementor-widget-icon-box\" data-id=\"1b52eb5\" data-element_type=\"widget\" data-e-type=\"widget\" data-widget_type=\"icon-box.default\">\n\t\t\t\t<div class=\"elementor-widget-container\">\n\t\t\t\t\t\t\t<div class=\"elementor-icon-box-wrapper\">\n\n\t\t\t\t\t\t<div class=\"elementor-icon-box-icon\">\n\t\t\t\t<a href=\"https:\/\/www.facebook.com\/memorydesign.ekszer\" class=\"elementor-icon\" tabindex=\"-1\">\n\t\t\t\t<i aria-hidden=\"true\" class=\"fab fa-facebook\"><\/i>\t\t\t\t<\/a>\n\t\t\t<\/div>\n\t\t\t\n\t\t\t\t\t\t<div class=\"elementor-icon-box-content\">\n\n\t\t\t\t\n\t\t\t\t\t\t\t\t\t<p class=\"elementor-icon-box-description\">\n\t\t\t\t\t\thttps:\/\/www.facebook.com\/memorydesign.ekszer\t\t\t\t\t<\/p>\n\t\t\t\t\n\t\t\t<\/div>\n\t\t\t\n\t\t<\/div>\n\t\t\t\t\t\t<\/div>\n\t\t\t\t<\/div>\n\t\t\t\t<div class=\"elementor-element elementor-element-e0e03f2 elementor-position-inline-start elementor-view-default elementor-mobile-position-block-start elementor-widget elementor-widget-icon-box\" data-id=\"e0e03f2\" data-element_type=\"widget\" data-e-type=\"widget\" data-widget_type=\"icon-box.default\">\n\t\t\t\t<div class=\"elementor-widget-container\">\n\t\t\t\t\t\t\t<div class=\"elementor-icon-box-wrapper\">\n\n\t\t\t\t\t\t<div class=\"elementor-icon-box-icon\">\n\t\t\t\t<a href=\"https:\/\/www.instagram.com\/memorydesign.ekszer\/\" class=\"elementor-icon\" tabindex=\"-1\">\n\t\t\t\t<i aria-hidden=\"true\" class=\"fab fa-instagram\"><\/i>\t\t\t\t<\/a>\n\t\t\t<\/div>\n\t\t\t\n\t\t\t\t\t\t<div class=\"elementor-icon-box-content\">\n\n\t\t\t\t\n\t\t\t\t\t\t\t\t\t<p class=\"elementor-icon-box-description\">\n\t\t\t\t\t\thttps:\/\/www.instagram.com\/memorydesign.ekszer\/\t\t\t\t\t<\/p>\n\t\t\t\t\n\t\t\t<\/div>\n\t\t\t\n\t\t<\/div>\n\t\t\t\t\t\t<\/div>\n\t\t\t\t<\/div>\n\t\t\t\t<div class=\"elementor-element elementor-element-2e7100f elementor-position-inline-start elementor-view-default elementor-mobile-position-block-start elementor-widget elementor-widget-icon-box\" data-id=\"2e7100f\" data-element_type=\"widget\" data-e-type=\"widget\" data-widget_type=\"icon-box.default\">\n\t\t\t\t<div class=\"elementor-widget-container\">\n\t\t\t\t\t\t\t<div class=\"elementor-icon-box-wrapper\">\n\n\t\t\t\t\t\t<div class=\"elementor-icon-box-icon\">\n\t\t\t\t<a href=\"https:\/\/hu.pinterest.com\/memorydesign_ekszer\/_created\/\" class=\"elementor-icon\" tabindex=\"-1\">\n\t\t\t\t<i aria-hidden=\"true\" class=\"fab fa-pinterest\"><\/i>\t\t\t\t<\/a>\n\t\t\t<\/div>\n\t\t\t\n\t\t\t\t\t\t<div class=\"elementor-icon-box-content\">\n\n\t\t\t\t\n\t\t\t\t\t\t\t\t\t<p class=\"elementor-icon-box-description\">\n\t\t\t\t\t\thttps:\/\/hu.pinterest.com\/memorydesign_ekszer\/_created\/\t\t\t\t\t<\/p>\n\t\t\t\t\n\t\t\t<\/div>\n\t\t\t\n\t\t<\/div>\n\t\t\t\t\t\t<\/div>\n\t\t\t\t<\/div>\n\t\t\t\t<div class=\"elementor-element elementor-element-0099a32 elementor-position-inline-start elementor-view-default elementor-mobile-position-block-start elementor-widget elementor-widget-icon-box\" data-id=\"0099a32\" data-element_type=\"widget\" data-e-type=\"widget\" data-widget_type=\"icon-box.default\">\n\t\t\t\t<div class=\"elementor-widget-container\">\n\t\t\t\t\t\t\t<div class=\"elementor-icon-box-wrapper\">\n\n\t\t\t\t\t\t<div class=\"elementor-icon-box-icon\">\n\t\t\t\t<a href=\"https:\/\/www.tiktok.com\/@memorydesign_ekszer\" class=\"elementor-icon\" tabindex=\"-1\">\n\t\t\t\t<i aria-hidden=\"true\" class=\"fab fa-tiktok\"><\/i>\t\t\t\t<\/a>\n\t\t\t<\/div>\n\t\t\t\n\t\t\t\t\t\t<div class=\"elementor-icon-box-content\">\n\n\t\t\t\t\n\t\t\t\t\t\t\t\t\t<p class=\"elementor-icon-box-description\">\n\t\t\t\t\t\thttps:\/\/www.tiktok.com\/@memorydesign_ekszer\t\t\t\t\t<\/p>\n\t\t\t\t\n\t\t\t<\/div>\n\t\t\t\n\t\t<\/div>\n\t\t\t\t\t\t<\/div>\n\t\t\t\t<\/div>\n\t\t\t\t<div class=\"elementor-element elementor-element-d2a4154 elementor-widget elementor-widget-spacer\" data-id=\"d2a4154\" data-element_type=\"widget\" data-e-type=\"widget\" data-widget_type=\"spacer.default\">\n\t\t\t\t<div class=\"elementor-widget-container\">\n\t\t\t\t\t\t\t<div class=\"elementor-spacer\">\n\t\t\t<div class=\"elementor-spacer-inner\"><\/div>\n\t\t<\/div>\n\t\t\t\t\t\t<\/div>\n\t\t\t\t<\/div>\n\t\t\t\t\t<\/div>\n\t\t<\/div>\n\t\t\t\t<div class=\"elementor-column elementor-col-50 elementor-top-column elementor-element elementor-element-bff9616\" data-id=\"bff9616\" data-element_type=\"column\" data-e-type=\"column\">\n\t\t\t<div class=\"elementor-widget-wrap elementor-element-populated\">\n\t\t\t\t\t\t<div class=\"elementor-element elementor-element-16e6ff2 elementor-widget elementor-widget-wp-widget-fbw_id\" data-id=\"16e6ff2\" data-element_type=\"widget\" data-e-type=\"widget\" data-widget_type=\"wp-widget-fbw_id.default\">\n\t\t\t\t<div class=\"elementor-widget-container\">\n\t\t\t\t\t        <div class=\"fb-widget-container\" style=\"position: relative; min-height: 650px;\">\n            <div class=\"fb_loader\" style=\"text-align: center !important;\">\n                <img decoding=\"async\" src=\"https:\/\/memorydesign.hu\/wp-content\/plugins\/facebook-pagelike-widget\/assets\/images\/loader.gif\" alt=\"Loading...\" \/>\n            <\/div>\n\n            <div id=\"fb-root\"><\/div>\n            <div class=\"fb-page\"\n                data-href=\"https:\/\/www.facebook.com\/memorydesign.ekszer\/\"\n                data-width=\"300\"\n                data-height=\"650\"\n                data-small-header=\"true\"\n                data-adapt-container-width=\"true\"\n                data-hide-cover=\"false\"\n                data-show-facepile=\"true\"\n                data-tabs=\"messages\"\n                data-lazy=\"false\"\n                data-xfbml-parse-ignore=\"false\">\n            <\/div>\n        <\/div>\n        \t\t\t\t<\/div>\n\t\t\t\t<\/div>\n\t\t\t\t\t<\/div>\n\t\t<\/div>\n\t\t\t\t\t<\/div>\n\t\t<\/section>\n\t\t\t\t<section class=\"elementor-section elementor-top-section elementor-element elementor-element-6aaad50 elementor-section-boxed elementor-section-height-default elementor-section-height-default\" data-id=\"6aaad50\" data-element_type=\"section\" data-e-type=\"section\">\n\t\t\t\t\t\t<div class=\"elementor-container elementor-column-gap-default\">\n\t\t\t\t\t<div class=\"elementor-column elementor-col-100 elementor-top-column elementor-element elementor-element-5b21ba9\" data-id=\"5b21ba9\" data-element_type=\"column\" data-e-type=\"column\">\n\t\t\t<div class=\"elementor-widget-wrap elementor-element-populated\">\n\t\t\t\t\t\t<div class=\"elementor-element elementor-element-b882009 elementor-widget elementor-widget-heading\" data-id=\"b882009\" data-element_type=\"widget\" data-e-type=\"widget\" data-widget_type=\"heading.default\">\n\t\t\t\t<div class=\"elementor-widget-container\">\n\t\t\t\t\t<h3 class=\"elementor-heading-title elementor-size-default\">Hast Du eine Frage? Schreib uns eine Nachricht! <\/h3>\t\t\t\t<\/div>\n\t\t\t\t<\/div>\n\t\t\t\t<div class=\"elementor-element elementor-element-9fa3aeb elementor-widget elementor-widget-shortcode\" data-id=\"9fa3aeb\" data-element_type=\"widget\" data-e-type=\"widget\" data-widget_type=\"shortcode.default\">\n\t\t\t\t<div class=\"elementor-widget-container\">\n\t\t\t\t\t\t\t<div class=\"elementor-shortcode\"><div class=\"wpforms-container wpforms-container-full\" id=\"wpforms-924\"><form id=\"wpforms-form-924\" class=\"wpforms-validate wpforms-form\" data-formid=\"924\" method=\"post\" enctype=\"multipart\/form-data\" action=\"\/de\/wp-json\/wp\/v2\/pages\/9585\" data-token=\"4b8893ddd377e415d0168501c00647ba\" data-token-time=\"1776309968\"><noscript class=\"wpforms-error-noscript\">Bitte aktiviere JavaScript in deinem Browser, um dieses Formular fertigzustellen.<\/noscript><div class=\"wpforms-field-container\"><div id=\"wpforms-924-field_1-container\" class=\"wpforms-field wpforms-field-name\" data-field-id=\"1\"><label class=\"wpforms-field-label\" for=\"wpforms-924-field_1\">N\u00e9v <span class=\"wpforms-required-label\">*<\/span><\/label><input type=\"text\" id=\"wpforms-924-field_1\" class=\"wpforms-field-medium wpforms-field-required\" name=\"wpforms[fields][1]\" required><\/div><div id=\"wpforms-924-field_2-container\" class=\"wpforms-field wpforms-field-email\" data-field-id=\"2\"><label class=\"wpforms-field-label\" for=\"wpforms-924-field_2\">E-mail <span class=\"wpforms-required-label\">*<\/span><\/label><input type=\"email\" id=\"wpforms-924-field_2\" class=\"wpforms-field-medium wpforms-field-required\" name=\"wpforms[fields][2]\" spellcheck=\"false\" required><\/div><div id=\"wpforms-924-field_3-container\" class=\"wpforms-field wpforms-field-text\" data-field-id=\"3\"><label class=\"wpforms-field-label\" for=\"wpforms-924-field_3\">\u00dczenet <span class=\"wpforms-required-label\">*<\/span><\/label><input type=\"text\" id=\"wpforms-924-field_3\" class=\"wpforms-field-large wpforms-field-required\" name=\"wpforms[fields][3]\" required><\/div><\/div><!-- .wpforms-field-container --><div class=\"wpforms-field wpforms-field-hp\"><label for=\"wpforms-924-field-hp\" class=\"wpforms-field-label\">Comment<\/label><input type=\"text\" name=\"wpforms[hp]\" id=\"wpforms-924-field-hp\" class=\"wpforms-field-medium\"><\/div><div class=\"wpforms-submit-container\" ><input type=\"hidden\" name=\"wpforms[id]\" value=\"924\"><input type=\"hidden\" name=\"page_title\" value=\"\"><input type=\"hidden\" name=\"page_url\" value=\"https:\/\/memorydesign.hu\/de\/wp-json\/wp\/v2\/pages\/9585\"><input type=\"hidden\" name=\"url_referer\" value=\"\"><button type=\"submit\" name=\"wpforms[submit]\" id=\"wpforms-submit-924\" class=\"wpforms-submit\" data-alt-text=\"K\u00fcld\u00e9s...\" data-submit-text=\"K\u00fcld\u00e9s\" aria-live=\"assertive\" value=\"wpforms-submit\">K\u00fcld\u00e9s<\/button><\/div><\/form><\/div>  <!-- .wpforms-container --><\/div>\n\t\t\t\t\t\t<\/div>\n\t\t\t\t<\/div>\n\t\t\t\t\t<\/div>\n\t\t<\/div>\n\t\t\t\t\t<\/div>\n\t\t<\/section>\n\t\t\t\t<section class=\"elementor-section elementor-top-section elementor-element elementor-element-ee0fd74 elementor-section-boxed elementor-section-height-default elementor-section-height-default\" data-id=\"ee0fd74\" data-element_type=\"section\" data-e-type=\"section\">\n\t\t\t\t\t\t<div class=\"elementor-container elementor-column-gap-default\">\n\t\t\t\t\t<div class=\"elementor-column elementor-col-100 elementor-top-column elementor-element elementor-element-14b54e1\" data-id=\"14b54e1\" data-element_type=\"column\" data-e-type=\"column\">\n\t\t\t<div class=\"elementor-widget-wrap elementor-element-populated\">\n\t\t\t\t\t\t<div class=\"elementor-element elementor-element-1e47dcd elementor-widget elementor-widget-text-editor\" data-id=\"1e47dcd\" data-element_type=\"widget\" data-e-type=\"widget\" data-widget_type=\"text-editor.default\">\n\t\t\t\t<div class=\"elementor-widget-container\">\n\t\t\t\t\t\t\t\t\t<p>Schau f\u00fcr exklusive Angebote und Aktionen bei unseren <strong><span style=\"font-size: 18px;\"><a href=\"https:\/\/memorydesign.hu\/partnereink\/\" target=\"_blank\" rel=\"noopener\">Partnern <\/a><\/span><\/strong>vorbei und nutze den Gutscheincode <span style=\"font-size: 18px;\"><a href=\"https:\/\/memorydesign.hu\/partnereink\/\" target=\"_blank\" rel=\"noopener\">#memorydesign<\/a><\/span>!<\/p>\t\t\t\t\t\t\t\t<\/div>\n\t\t\t\t<\/div>\n\t\t\t\t\t<\/div>\n\t\t<\/div>\n\t\t\t\t\t<\/div>\n\t\t<\/section>\n\t\t\t\t<section class=\"elementor-section elementor-top-section elementor-element elementor-element-66655593 elementor-section-boxed elementor-section-height-default elementor-section-height-default\" data-id=\"66655593\" data-element_type=\"section\" data-e-type=\"section\">\n\t\t\t\t\t\t<div class=\"elementor-container elementor-column-gap-default\">\n\t\t\t\t\t<div class=\"elementor-column elementor-col-100 elementor-top-column elementor-element elementor-element-43c69b34\" data-id=\"43c69b34\" data-element_type=\"column\" data-e-type=\"column\">\n\t\t\t<div class=\"elementor-widget-wrap elementor-element-populated\">\n\t\t\t\t\t\t<div class=\"elementor-element elementor-element-1086c034 elementor-widget elementor-widget-text-editor\" data-id=\"1086c034\" data-element_type=\"widget\" data-e-type=\"widget\" data-widget_type=\"text-editor.default\">\n\t\t\t\t<div class=\"elementor-widget-container\">\n\t\t\t\t\t\t\t\t\t<p>Abonniere unseren Newsletter, um \u00fcber die neuesten Aktionen und Neuheiten informiert zu werden! <\/p>\t\t\t\t\t\t\t\t<\/div>\n\t\t\t\t<\/div>\n\t\t\t\t\t<\/div>\n\t\t<\/div>\n\t\t\t\t\t<\/div>\n\t\t<\/section>\n\t\t\t\t<section class=\"elementor-section elementor-top-section elementor-element elementor-element-a08a432 elementor-section-boxed elementor-section-height-default elementor-section-height-default\" data-id=\"a08a432\" data-element_type=\"section\" data-e-type=\"section\">\n\t\t\t\t\t\t<div class=\"elementor-container elementor-column-gap-default\">\n\t\t\t\t\t<div class=\"elementor-column elementor-col-100 elementor-top-column elementor-element elementor-element-92b6db9\" data-id=\"92b6db9\" data-element_type=\"column\" data-e-type=\"column\">\n\t\t\t<div class=\"elementor-widget-wrap elementor-element-populated\">\n\t\t\t\t\t\t<div class=\"elementor-element elementor-element-9736eb9 elementor-widget elementor-widget-wp-widget-mailerlite_widget\" data-id=\"9736eb9\" data-element_type=\"widget\" data-e-type=\"widget\" data-widget_type=\"wp-widget-mailerlite_widget.default\">\n\t\t\t\t<div class=\"elementor-widget-container\">\n\t\t\t\t\t                <div class=\"ml-embedded\" data-form=\"rj1mOV\"><\/div>\n            \t\t\t\t<\/div>\n\t\t\t\t<\/div>\n\t\t\t\t\t<\/div>\n\t\t<\/div>\n\t\t\t\t\t<\/div>\n\t\t<\/section>\n\t\t\t\t<\/div>\n\t\t","protected":false},"excerpt":{"rendered":"<p>Kontakt 7461 Stadtschlaining, Kirchenplatz 3 memorydesign.austria@gmail.com +36 70 741 7053 (Mo &#8211; Fr 9:00-15:00 Uhr) https:\/\/www.facebook.com\/memorydesign.ekszer https:\/\/www.instagram.com\/memorydesign.ekszer\/ https:\/\/hu.pinterest.com\/memorydesign_ekszer\/_created\/ @memorydesign_ekszer Hast Du eine Frage? Schreib uns eine Nachricht! Schau f\u00fcr exklusive Angebote und Aktionen bei unseren [&hellip;]<\/p>\n","protected":false},"author":2,"featured_media":0,"parent":0,"menu_order":0,"comment_status":"closed","ping_status":"closed","template":"","meta":{"footnotes":""},"class_list":["post-9585","page","type-page","status-publish","hentry","clearfix"],"yoast_head":"<!-- This site is optimized with the Yoast SEO plugin v27.4 - https:\/\/yoast.com\/product\/yoast-seo-wordpress\/ -->\n<title>Memory Design \u2013 Muttermilchschmuck, Babyhaarschmuck, Erinnerungsst\u00fccke<\/title>\n<meta name=\"description\" content=\"Individueller, handgefertigter Schmuck, Muttermilchschmuck, Babyhaar-Erinnerungsst\u00fccke. W\u00e4hle aus dem Bestand oder entwirf dein eigenes Schmuckst\u00fcck!\" \/>\n<meta name=\"robots\" content=\"index, follow, max-snippet:-1, max-image-preview:large, max-video-preview:-1\" \/>\n<link rel=\"canonical\" href=\"https:\/\/memorydesign.hu\/de\/kontakt\/\" \/>\n<meta property=\"og:locale\" content=\"de_DE\" \/>\n<meta property=\"og:type\" content=\"article\" \/>\n<meta property=\"og:title\" content=\"Memory Design \u2013 Muttermilchschmuck, Babyhaarschmuck, Erinnerungsst\u00fccke\" \/>\n<meta property=\"og:description\" content=\"Individueller, handgefertigter Schmuck, Muttermilchschmuck, Babyhaar-Erinnerungsst\u00fccke. W\u00e4hle aus dem Bestand oder entwirf dein eigenes Schmuckst\u00fcck!\" \/>\n<meta property=\"og:url\" content=\"https:\/\/memorydesign.hu\/de\/kontakt\/\" \/>\n<meta property=\"og:site_name\" content=\"Memory Design\" \/>\n<meta property=\"article:publisher\" content=\"https:\/\/www.facebook.com\/memorydesign.ekszer\/\" \/>\n<meta property=\"article:modified_time\" content=\"2026-04-14T11:18:47+00:00\" \/>\n<meta property=\"og:image\" content=\"https:\/\/memorydesign.hu\/wp-content\/uploads\/2020\/04\/memory-design.png\" \/>\n\t<meta property=\"og:image:width\" content=\"331\" \/>\n\t<meta property=\"og:image:height\" content=\"385\" \/>\n\t<meta property=\"og:image:type\" content=\"image\/png\" \/>\n<meta name=\"twitter:card\" content=\"summary_large_image\" \/>\n<script type=\"application\/ld+json\" class=\"yoast-schema-graph\">{\"@context\":\"https:\\\/\\\/schema.org\",\"@graph\":[{\"@type\":\"WebPage\",\"@id\":\"https:\\\/\\\/memorydesign.hu\\\/de\\\/kontakt\\\/\",\"url\":\"https:\\\/\\\/memorydesign.hu\\\/de\\\/kontakt\\\/\",\"name\":\"Memory Design \u2013 Muttermilchschmuck, Babyhaarschmuck, Erinnerungsst\u00fccke\",\"isPartOf\":{\"@id\":\"https:\\\/\\\/memorydesign.hu\\\/de\\\/#website\"},\"datePublished\":\"2026-04-14T11:18:46+00:00\",\"dateModified\":\"2026-04-14T11:18:47+00:00\",\"description\":\"Individueller, handgefertigter Schmuck, Muttermilchschmuck, Babyhaar-Erinnerungsst\u00fccke. W\u00e4hle aus dem Bestand oder entwirf dein eigenes Schmuckst\u00fcck!\",\"breadcrumb\":{\"@id\":\"https:\\\/\\\/memorydesign.hu\\\/de\\\/kontakt\\\/#breadcrumb\"},\"inLanguage\":\"de\",\"potentialAction\":[{\"@type\":\"ReadAction\",\"target\":[\"https:\\\/\\\/memorydesign.hu\\\/de\\\/kontakt\\\/\"]}]},{\"@type\":\"BreadcrumbList\",\"@id\":\"https:\\\/\\\/memorydesign.hu\\\/de\\\/kontakt\\\/#breadcrumb\",\"itemListElement\":[{\"@type\":\"ListItem\",\"position\":1,\"name\":\"Kezd\u0151lap\",\"item\":\"https:\\\/\\\/memorydesign.hu\\\/de\\\/\"},{\"@type\":\"ListItem\",\"position\":2,\"name\":\"Kontakt\"}]},{\"@type\":\"WebSite\",\"@id\":\"https:\\\/\\\/memorydesign.hu\\\/de\\\/#website\",\"url\":\"https:\\\/\\\/memorydesign.hu\\\/de\\\/\",\"name\":\"Memory Design\",\"description\":\"\",\"publisher\":{\"@id\":\"https:\\\/\\\/memorydesign.hu\\\/de\\\/#organization\"},\"potentialAction\":[{\"@type\":\"SearchAction\",\"target\":{\"@type\":\"EntryPoint\",\"urlTemplate\":\"https:\\\/\\\/memorydesign.hu\\\/de\\\/?s={search_term_string}\"},\"query-input\":{\"@type\":\"PropertyValueSpecification\",\"valueRequired\":true,\"valueName\":\"search_term_string\"}}],\"inLanguage\":\"de\"},{\"@type\":\"Organization\",\"@id\":\"https:\\\/\\\/memorydesign.hu\\\/de\\\/#organization\",\"name\":\"Memory Design\",\"alternateName\":\"Memory Design\",\"url\":\"https:\\\/\\\/memorydesign.hu\\\/de\\\/\",\"logo\":{\"@type\":\"ImageObject\",\"inLanguage\":\"de\",\"@id\":\"https:\\\/\\\/memorydesign.hu\\\/de\\\/#\\\/schema\\\/logo\\\/image\\\/\",\"url\":\"https:\\\/\\\/memorydesign.hu\\\/wp-content\\\/uploads\\\/2020\\\/04\\\/cropped-memorydesign-logo.png\",\"contentUrl\":\"https:\\\/\\\/memorydesign.hu\\\/wp-content\\\/uploads\\\/2020\\\/04\\\/cropped-memorydesign-logo.png\",\"width\":512,\"height\":512,\"caption\":\"Memory Design\"},\"image\":{\"@id\":\"https:\\\/\\\/memorydesign.hu\\\/de\\\/#\\\/schema\\\/logo\\\/image\\\/\"},\"sameAs\":[\"https:\\\/\\\/www.facebook.com\\\/memorydesign.ekszer\\\/\",\"https:\\\/\\\/www.instagram.com\\\/memorydesign.ekszer\\\/\",\"https:\\\/\\\/www.tiktok.com\\\/memorydesign_ekszer\\\/\"]}]}<\/script>\n<!-- \/ Yoast SEO plugin. -->","yoast_head_json":{"title":"Memory Design \u2013 Muttermilchschmuck, Babyhaarschmuck, Erinnerungsst\u00fccke","description":"Individueller, handgefertigter Schmuck, Muttermilchschmuck, Babyhaar-Erinnerungsst\u00fccke. W\u00e4hle aus dem Bestand oder entwirf dein eigenes Schmuckst\u00fcck!","robots":{"index":"index","follow":"follow","max-snippet":"max-snippet:-1","max-image-preview":"max-image-preview:large","max-video-preview":"max-video-preview:-1"},"canonical":"https:\/\/memorydesign.hu\/de\/kontakt\/","og_locale":"de_DE","og_type":"article","og_title":"Memory Design \u2013 Muttermilchschmuck, Babyhaarschmuck, Erinnerungsst\u00fccke","og_description":"Individueller, handgefertigter Schmuck, Muttermilchschmuck, Babyhaar-Erinnerungsst\u00fccke. W\u00e4hle aus dem Bestand oder entwirf dein eigenes Schmuckst\u00fcck!","og_url":"https:\/\/memorydesign.hu\/de\/kontakt\/","og_site_name":"Memory Design","article_publisher":"https:\/\/www.facebook.com\/memorydesign.ekszer\/","article_modified_time":"2026-04-14T11:18:47+00:00","og_image":[{"width":331,"height":385,"url":"https:\/\/memorydesign.hu\/wp-content\/uploads\/2020\/04\/memory-design.png","type":"image\/png"}],"twitter_card":"summary_large_image","schema":{"@context":"https:\/\/schema.org","@graph":[{"@type":"WebPage","@id":"https:\/\/memorydesign.hu\/de\/kontakt\/","url":"https:\/\/memorydesign.hu\/de\/kontakt\/","name":"Memory Design \u2013 Muttermilchschmuck, Babyhaarschmuck, Erinnerungsst\u00fccke","isPartOf":{"@id":"https:\/\/memorydesign.hu\/de\/#website"},"datePublished":"2026-04-14T11:18:46+00:00","dateModified":"2026-04-14T11:18:47+00:00","description":"Individueller, handgefertigter Schmuck, Muttermilchschmuck, Babyhaar-Erinnerungsst\u00fccke. W\u00e4hle aus dem Bestand oder entwirf dein eigenes Schmuckst\u00fcck!","breadcrumb":{"@id":"https:\/\/memorydesign.hu\/de\/kontakt\/#breadcrumb"},"inLanguage":"de","potentialAction":[{"@type":"ReadAction","target":["https:\/\/memorydesign.hu\/de\/kontakt\/"]}]},{"@type":"BreadcrumbList","@id":"https:\/\/memorydesign.hu\/de\/kontakt\/#breadcrumb","itemListElement":[{"@type":"ListItem","position":1,"name":"Kezd\u0151lap","item":"https:\/\/memorydesign.hu\/de\/"},{"@type":"ListItem","position":2,"name":"Kontakt"}]},{"@type":"WebSite","@id":"https:\/\/memorydesign.hu\/de\/#website","url":"https:\/\/memorydesign.hu\/de\/","name":"Memory Design","description":"","publisher":{"@id":"https:\/\/memorydesign.hu\/de\/#organization"},"potentialAction":[{"@type":"SearchAction","target":{"@type":"EntryPoint","urlTemplate":"https:\/\/memorydesign.hu\/de\/?s={search_term_string}"},"query-input":{"@type":"PropertyValueSpecification","valueRequired":true,"valueName":"search_term_string"}}],"inLanguage":"de"},{"@type":"Organization","@id":"https:\/\/memorydesign.hu\/de\/#organization","name":"Memory Design","alternateName":"Memory Design","url":"https:\/\/memorydesign.hu\/de\/","logo":{"@type":"ImageObject","inLanguage":"de","@id":"https:\/\/memorydesign.hu\/de\/#\/schema\/logo\/image\/","url":"https:\/\/memorydesign.hu\/wp-content\/uploads\/2020\/04\/cropped-memorydesign-logo.png","contentUrl":"https:\/\/memorydesign.hu\/wp-content\/uploads\/2020\/04\/cropped-memorydesign-logo.png","width":512,"height":512,"caption":"Memory Design"},"image":{"@id":"https:\/\/memorydesign.hu\/de\/#\/schema\/logo\/image\/"},"sameAs":["https:\/\/www.facebook.com\/memorydesign.ekszer\/","https:\/\/www.instagram.com\/memorydesign.ekszer\/","https:\/\/www.tiktok.com\/memorydesign_ekszer\/"]}]}},"_links":{"self":[{"href":"https:\/\/memorydesign.hu\/de\/wp-json\/wp\/v2\/pages\/9585","targetHints":{"allow":["GET"]}}],"collection":[{"href":"https:\/\/memorydesign.hu\/de\/wp-json\/wp\/v2\/pages"}],"about":[{"href":"https:\/\/memorydesign.hu\/de\/wp-json\/wp\/v2\/types\/page"}],"author":[{"embeddable":true,"href":"https:\/\/memorydesign.hu\/de\/wp-json\/wp\/v2\/users\/2"}],"replies":[{"embeddable":true,"href":"https:\/\/memorydesign.hu\/de\/wp-json\/wp\/v2\/comments?post=9585"}],"version-history":[{"count":1,"href":"https:\/\/memorydesign.hu\/de\/wp-json\/wp\/v2\/pages\/9585\/revisions"}],"predecessor-version":[{"id":9586,"href":"https:\/\/memorydesign.hu\/de\/wp-json\/wp\/v2\/pages\/9585\/revisions\/9586"}],"wp:attachment":[{"href":"https:\/\/memorydesign.hu\/de\/wp-json\/wp\/v2\/media?parent=9585"}],"curies":[{"name":"wp","href":"https:\/\/api.w.org\/{rel}","templated":true}]}}