{"id":9478,"date":"2024-06-29T08:12:21","date_gmt":"2024-06-29T07:12:21","guid":{"rendered":"https:\/\/memorydesign.hu\/markenrecht\/"},"modified":"2026-04-11T13:57:09","modified_gmt":"2026-04-11T12:57:09","slug":"markenrecht","status":"publish","type":"page","link":"https:\/\/memorydesign.hu\/de\/markenrecht\/","title":{"rendered":"Markenrecht"},"content":{"rendered":"\n<p>Einige auf der Website aufgef\u00fchrte Produkte sind gesch\u00fctzte Produkte, die dem <strong>gewerblichen Rechtsschutz der Europ\u00e4ischen Union und einem eingetragenen Designschutz<\/strong> unterliegen. Sollte jemand diese Designs ohne Genehmigung des Rechteinhabers verwenden oder Schmuck mit identischem oder verwechselbar \u00e4hnlichem Design und Aussehen verkaufen, kann dies strafrechtliche Konsequenzen nach sich ziehen. Bei jeder unbefugten Nutzung der auf der Website enthaltenen geistigen Produkte und eingetragenen Designschutzprodukte wird unser offizieller Rechtsvertreter (<em>Dr. Zolt\u00e1n M\u00e1rton Benedeczki, 1126 Budapest, XII. Bezirk Beethoven utca 2\/B<\/em>) t\u00e4tig.<\/p>\n\n<p>Als Herstellerin der Memory Design Schmuckst\u00fccke und Inhaberin der Marke \u201eMemory Design \u2013 in Schmuck versteckte Erinnerungen\u201c besitze ich die ausschlie\u00dflichen Rechte an den geistigen Eigentumsrechten aller meiner Produkte sowie der Inhalte auf meiner Website und allen meinen Social-Media-Seiten.<\/p>\n\n<p>Gem\u00e4\u00df dem Gesetz \u00fcber das Urheberrecht von 1999, Gesetz Nr. LXXVI. und den geltenden Bestimmungen des Urheberrechtsgesetzes (im Folgenden: UrhG) ist jede Nutzung (z. B. die Herstellung von Repliken der Schmuckst\u00fccke, die Verwendung von Bildern der Schmuckst\u00fccke, die Verwendung von Entw\u00fcrfen) unrechtm\u00e4\u00dfig, wenn keine Vereinbarung mit dem Urheberrechtsinhaber getroffen wurde. <\/p>\n\n<p>Gem\u00e4\u00df dem UrhG 16. \u00a7 (1) Abs. hat der Urheber aufgrund des Urheberrechtsschutzes das ausschlie\u00dfliche Recht, das gesamte Werk oder einen identifizierbaren Teil davon in materieller und immaterieller Form zu nutzen und jede Nutzung zu genehmigen. Gem\u00e4\u00df \u00a7 (3) Abs. 16 hat der Urheber auch das ausschlie\u00dfliche Recht, die im Werk enthaltene charakteristische und originelle Form kommerziell zu nutzen und eine solche Nutzung zu genehmigen.<\/p>\n\n<p>Gem\u00e4\u00df \u00a7 (4) Abs. 16 steht dem Rechteinhaber f\u00fcr die Nutzungsgenehmigung eine Geb\u00fchr zu.<\/p>\n\n<p>Wenn der Rechteinhaber keine vertragliche Genehmigung erteilt oder keine Geb\u00fchr gezahlt wird, liegt eine unbefugte Nutzung vor.<\/p>\n\n<p>Ich informiere Sie hiermit, dass ich im Falle einer Verletzung der Urheberrechte berechtigt bin, die im UrhG 94. \u00a7 festgelegten zivilrechtlichen Konsequenzen geltend zu machen und gem\u00e4\u00df den Regeln der zivilrechtlichen Haftung Schadensersatz zu fordern; die unbefugte Nutzung kann auch strafrechtliche Konsequenzen haben.<\/p>\n\n<p><\/p>\n","protected":false},"excerpt":{"rendered":"<p>Einige auf der Website aufgef\u00fchrte Produkte sind gesch\u00fctzte Produkte, die dem gewerblichen Rechtsschutz der Europ\u00e4ischen Union und einem eingetragenen Designschutz unterliegen. Sollte jemand diese Designs ohne Genehmigung des Rechteinhabers verwenden oder Schmuck mit identischem oder [&hellip;]<\/p>\n","protected":false},"author":2,"featured_media":9479,"parent":0,"menu_order":0,"comment_status":"closed","ping_status":"closed","template":"","meta":{"footnotes":""},"class_list":["post-9478","page","type-page","status-publish","has-post-thumbnail","hentry","clearfix"],"yoast_head":"<!-- This site is optimized with the Yoast SEO plugin v27.3 - https:\/\/yoast.com\/product\/yoast-seo-wordpress\/ -->\n<title>Memory Design \u2013 Erinnerungen, als Schmuck erz\u00e4hlt, Warenzeichen, Designschutz<\/title>\n<meta name=\"description\" content=\"Die auf der Website aufgef\u00fchrten Produkte sind gesch\u00fctzte Produkte, die dem gewerblichen Rechtsschutz der Europ\u00e4ischen Union und einem eingetragenen Designschutz unterliegen.\" \/>\n<meta name=\"robots\" content=\"index, follow, max-snippet:-1, max-image-preview:large, max-video-preview:-1\" \/>\n<link rel=\"canonical\" href=\"https:\/\/memorydesign.hu\/de\/markenrecht\/\" \/>\n<meta property=\"og:locale\" content=\"de_DE\" \/>\n<meta property=\"og:type\" content=\"article\" \/>\n<meta property=\"og:title\" content=\"Memory Design \u2013 Erinnerungen, als Schmuck erz\u00e4hlt, Warenzeichen, Designschutz\" \/>\n<meta property=\"og:description\" content=\"Die auf der Website aufgef\u00fchrten Produkte sind gesch\u00fctzte Produkte, die dem gewerblichen Rechtsschutz der Europ\u00e4ischen Union und einem eingetragenen Designschutz unterliegen.\" \/>\n<meta property=\"og:url\" content=\"https:\/\/memorydesign.hu\/de\/markenrecht\/\" \/>\n<meta property=\"og:site_name\" content=\"Memory Design\" \/>\n<meta property=\"article:publisher\" content=\"https:\/\/www.facebook.com\/memorydesign.ekszer\/\" \/>\n<meta property=\"article:modified_time\" content=\"2026-04-11T12:57:09+00:00\" \/>\n<meta property=\"og:image\" content=\"https:\/\/memorydesign.hu\/wp-content\/uploads\/2024\/05\/DSC_81072.jpg\" \/>\n\t<meta property=\"og:image:width\" content=\"2016\" \/>\n\t<meta property=\"og:image:height\" content=\"1344\" \/>\n\t<meta property=\"og:image:type\" content=\"image\/jpeg\" \/>\n<meta name=\"twitter:card\" content=\"summary_large_image\" \/>\n<meta name=\"twitter:label1\" content=\"Gesch\u00e4tzte Lesezeit\" \/>\n\t<meta name=\"twitter:data1\" content=\"2\u00a0Minuten\" \/>\n<script type=\"application\/ld+json\" class=\"yoast-schema-graph\">{\"@context\":\"https:\\\/\\\/schema.org\",\"@graph\":[{\"@type\":\"WebPage\",\"@id\":\"https:\\\/\\\/memorydesign.hu\\\/de\\\/markenrecht\\\/\",\"url\":\"https:\\\/\\\/memorydesign.hu\\\/de\\\/markenrecht\\\/\",\"name\":\"Memory Design \u2013 Erinnerungen, als Schmuck erz\u00e4hlt, Warenzeichen, Designschutz\",\"isPartOf\":{\"@id\":\"https:\\\/\\\/memorydesign.hu\\\/de\\\/#website\"},\"primaryImageOfPage\":{\"@id\":\"https:\\\/\\\/memorydesign.hu\\\/de\\\/markenrecht\\\/#primaryimage\"},\"image\":{\"@id\":\"https:\\\/\\\/memorydesign.hu\\\/de\\\/markenrecht\\\/#primaryimage\"},\"thumbnailUrl\":\"https:\\\/\\\/memorydesign.hu\\\/wp-content\\\/uploads\\\/2024\\\/05\\\/DSC_81072.jpg\",\"datePublished\":\"2024-06-29T07:12:21+00:00\",\"dateModified\":\"2026-04-11T12:57:09+00:00\",\"description\":\"Die auf der Website aufgef\u00fchrten Produkte sind gesch\u00fctzte Produkte, die dem gewerblichen Rechtsschutz der Europ\u00e4ischen Union und einem eingetragenen Designschutz unterliegen.\",\"breadcrumb\":{\"@id\":\"https:\\\/\\\/memorydesign.hu\\\/de\\\/markenrecht\\\/#breadcrumb\"},\"inLanguage\":\"de\",\"potentialAction\":[{\"@type\":\"ReadAction\",\"target\":[\"https:\\\/\\\/memorydesign.hu\\\/de\\\/markenrecht\\\/\"]}]},{\"@type\":\"ImageObject\",\"inLanguage\":\"de\",\"@id\":\"https:\\\/\\\/memorydesign.hu\\\/de\\\/markenrecht\\\/#primaryimage\",\"url\":\"https:\\\/\\\/memorydesign.hu\\\/wp-content\\\/uploads\\\/2024\\\/05\\\/DSC_81072.jpg\",\"contentUrl\":\"https:\\\/\\\/memorydesign.hu\\\/wp-content\\\/uploads\\\/2024\\\/05\\\/DSC_81072.jpg\",\"width\":2016,\"height\":1344,\"caption\":\"Memory Design \u2013 Silberanh\u00e4nger, Muttermilchschmuck mit Babyhaar\"},{\"@type\":\"BreadcrumbList\",\"@id\":\"https:\\\/\\\/memorydesign.hu\\\/de\\\/markenrecht\\\/#breadcrumb\",\"itemListElement\":[{\"@type\":\"ListItem\",\"position\":1,\"name\":\"Kezd\u0151lap\",\"item\":\"https:\\\/\\\/memorydesign.hu\\\/de\\\/\"},{\"@type\":\"ListItem\",\"position\":2,\"name\":\"Markenrecht\"}]},{\"@type\":\"WebSite\",\"@id\":\"https:\\\/\\\/memorydesign.hu\\\/de\\\/#website\",\"url\":\"https:\\\/\\\/memorydesign.hu\\\/de\\\/\",\"name\":\"Memory Design\",\"description\":\"\u00c9kszerbe rejtett eml\u00e9kek\",\"publisher\":{\"@id\":\"https:\\\/\\\/memorydesign.hu\\\/de\\\/#organization\"},\"potentialAction\":[{\"@type\":\"SearchAction\",\"target\":{\"@type\":\"EntryPoint\",\"urlTemplate\":\"https:\\\/\\\/memorydesign.hu\\\/de\\\/?s={search_term_string}\"},\"query-input\":{\"@type\":\"PropertyValueSpecification\",\"valueRequired\":true,\"valueName\":\"search_term_string\"}}],\"inLanguage\":\"de\"},{\"@type\":\"Organization\",\"@id\":\"https:\\\/\\\/memorydesign.hu\\\/de\\\/#organization\",\"name\":\"Memory Design\",\"alternateName\":\"Memory Design\",\"url\":\"https:\\\/\\\/memorydesign.hu\\\/de\\\/\",\"logo\":{\"@type\":\"ImageObject\",\"inLanguage\":\"de\",\"@id\":\"https:\\\/\\\/memorydesign.hu\\\/de\\\/#\\\/schema\\\/logo\\\/image\\\/\",\"url\":\"https:\\\/\\\/memorydesign.hu\\\/wp-content\\\/uploads\\\/2020\\\/04\\\/cropped-memorydesign-logo.png\",\"contentUrl\":\"https:\\\/\\\/memorydesign.hu\\\/wp-content\\\/uploads\\\/2020\\\/04\\\/cropped-memorydesign-logo.png\",\"width\":512,\"height\":512,\"caption\":\"Memory Design\"},\"image\":{\"@id\":\"https:\\\/\\\/memorydesign.hu\\\/de\\\/#\\\/schema\\\/logo\\\/image\\\/\"},\"sameAs\":[\"https:\\\/\\\/www.facebook.com\\\/memorydesign.ekszer\\\/\",\"https:\\\/\\\/www.instagram.com\\\/memorydesign.ekszer\\\/\",\"https:\\\/\\\/www.tiktok.com\\\/memorydesign_ekszer\\\/\"]}]}<\/script>\n<!-- \/ Yoast SEO plugin. -->","yoast_head_json":{"title":"Memory Design \u2013 Erinnerungen, als Schmuck erz\u00e4hlt, Warenzeichen, Designschutz","description":"Die auf der Website aufgef\u00fchrten Produkte sind gesch\u00fctzte Produkte, die dem gewerblichen Rechtsschutz der Europ\u00e4ischen Union und einem eingetragenen Designschutz unterliegen.","robots":{"index":"index","follow":"follow","max-snippet":"max-snippet:-1","max-image-preview":"max-image-preview:large","max-video-preview":"max-video-preview:-1"},"canonical":"https:\/\/memorydesign.hu\/de\/markenrecht\/","og_locale":"de_DE","og_type":"article","og_title":"Memory Design \u2013 Erinnerungen, als Schmuck erz\u00e4hlt, Warenzeichen, Designschutz","og_description":"Die auf der Website aufgef\u00fchrten Produkte sind gesch\u00fctzte Produkte, die dem gewerblichen Rechtsschutz der Europ\u00e4ischen Union und einem eingetragenen Designschutz unterliegen.","og_url":"https:\/\/memorydesign.hu\/de\/markenrecht\/","og_site_name":"Memory Design","article_publisher":"https:\/\/www.facebook.com\/memorydesign.ekszer\/","article_modified_time":"2026-04-11T12:57:09+00:00","og_image":[{"width":2016,"height":1344,"url":"https:\/\/memorydesign.hu\/wp-content\/uploads\/2024\/05\/DSC_81072.jpg","type":"image\/jpeg"}],"twitter_card":"summary_large_image","twitter_misc":{"Gesch\u00e4tzte Lesezeit":"2\u00a0Minuten"},"schema":{"@context":"https:\/\/schema.org","@graph":[{"@type":"WebPage","@id":"https:\/\/memorydesign.hu\/de\/markenrecht\/","url":"https:\/\/memorydesign.hu\/de\/markenrecht\/","name":"Memory Design \u2013 Erinnerungen, als Schmuck erz\u00e4hlt, Warenzeichen, Designschutz","isPartOf":{"@id":"https:\/\/memorydesign.hu\/de\/#website"},"primaryImageOfPage":{"@id":"https:\/\/memorydesign.hu\/de\/markenrecht\/#primaryimage"},"image":{"@id":"https:\/\/memorydesign.hu\/de\/markenrecht\/#primaryimage"},"thumbnailUrl":"https:\/\/memorydesign.hu\/wp-content\/uploads\/2024\/05\/DSC_81072.jpg","datePublished":"2024-06-29T07:12:21+00:00","dateModified":"2026-04-11T12:57:09+00:00","description":"Die auf der Website aufgef\u00fchrten Produkte sind gesch\u00fctzte Produkte, die dem gewerblichen Rechtsschutz der Europ\u00e4ischen Union und einem eingetragenen Designschutz unterliegen.","breadcrumb":{"@id":"https:\/\/memorydesign.hu\/de\/markenrecht\/#breadcrumb"},"inLanguage":"de","potentialAction":[{"@type":"ReadAction","target":["https:\/\/memorydesign.hu\/de\/markenrecht\/"]}]},{"@type":"ImageObject","inLanguage":"de","@id":"https:\/\/memorydesign.hu\/de\/markenrecht\/#primaryimage","url":"https:\/\/memorydesign.hu\/wp-content\/uploads\/2024\/05\/DSC_81072.jpg","contentUrl":"https:\/\/memorydesign.hu\/wp-content\/uploads\/2024\/05\/DSC_81072.jpg","width":2016,"height":1344,"caption":"Memory Design \u2013 Silberanh\u00e4nger, Muttermilchschmuck mit Babyhaar"},{"@type":"BreadcrumbList","@id":"https:\/\/memorydesign.hu\/de\/markenrecht\/#breadcrumb","itemListElement":[{"@type":"ListItem","position":1,"name":"Kezd\u0151lap","item":"https:\/\/memorydesign.hu\/de\/"},{"@type":"ListItem","position":2,"name":"Markenrecht"}]},{"@type":"WebSite","@id":"https:\/\/memorydesign.hu\/de\/#website","url":"https:\/\/memorydesign.hu\/de\/","name":"Memory Design","description":"\u00c9kszerbe rejtett eml\u00e9kek","publisher":{"@id":"https:\/\/memorydesign.hu\/de\/#organization"},"potentialAction":[{"@type":"SearchAction","target":{"@type":"EntryPoint","urlTemplate":"https:\/\/memorydesign.hu\/de\/?s={search_term_string}"},"query-input":{"@type":"PropertyValueSpecification","valueRequired":true,"valueName":"search_term_string"}}],"inLanguage":"de"},{"@type":"Organization","@id":"https:\/\/memorydesign.hu\/de\/#organization","name":"Memory Design","alternateName":"Memory Design","url":"https:\/\/memorydesign.hu\/de\/","logo":{"@type":"ImageObject","inLanguage":"de","@id":"https:\/\/memorydesign.hu\/de\/#\/schema\/logo\/image\/","url":"https:\/\/memorydesign.hu\/wp-content\/uploads\/2020\/04\/cropped-memorydesign-logo.png","contentUrl":"https:\/\/memorydesign.hu\/wp-content\/uploads\/2020\/04\/cropped-memorydesign-logo.png","width":512,"height":512,"caption":"Memory Design"},"image":{"@id":"https:\/\/memorydesign.hu\/de\/#\/schema\/logo\/image\/"},"sameAs":["https:\/\/www.facebook.com\/memorydesign.ekszer\/","https:\/\/www.instagram.com\/memorydesign.ekszer\/","https:\/\/www.tiktok.com\/memorydesign_ekszer\/"]}]}},"_links":{"self":[{"href":"https:\/\/memorydesign.hu\/de\/wp-json\/wp\/v2\/pages\/9478","targetHints":{"allow":["GET"]}}],"collection":[{"href":"https:\/\/memorydesign.hu\/de\/wp-json\/wp\/v2\/pages"}],"about":[{"href":"https:\/\/memorydesign.hu\/de\/wp-json\/wp\/v2\/types\/page"}],"author":[{"embeddable":true,"href":"https:\/\/memorydesign.hu\/de\/wp-json\/wp\/v2\/users\/2"}],"replies":[{"embeddable":true,"href":"https:\/\/memorydesign.hu\/de\/wp-json\/wp\/v2\/comments?post=9478"}],"version-history":[{"count":1,"href":"https:\/\/memorydesign.hu\/de\/wp-json\/wp\/v2\/pages\/9478\/revisions"}],"predecessor-version":[{"id":9480,"href":"https:\/\/memorydesign.hu\/de\/wp-json\/wp\/v2\/pages\/9478\/revisions\/9480"}],"wp:featuredmedia":[{"embeddable":true,"href":"https:\/\/memorydesign.hu\/de\/wp-json\/wp\/v2\/media\/9479"}],"wp:attachment":[{"href":"https:\/\/memorydesign.hu\/de\/wp-json\/wp\/v2\/media?parent=9478"}],"curies":[{"name":"wp","href":"https:\/\/api.w.org\/{rel}","templated":true}]}}